{"id":85,"date":"2017-04-15T16:08:42","date_gmt":"2017-04-15T13:08:42","guid":{"rendered":"http:\/\/bellerofonholiday.com\/?page_id=85"},"modified":"2021-03-28T19:51:02","modified_gmt":"2021-03-28T16:51:02","slug":"bellerofon-i","status":"publish","type":"page","link":"https:\/\/bellerofonholiday.com\/en\/bellerofon-i\/","title":{"rendered":"Bellerofon"},"content":{"rendered":"<div class=\"wpb-content-wrapper\"><p>[vc_row][vc_column][vc_column_text]<\/p>\n<p align=\"JUSTIFY\"><span style=\"font-family: Arial, Helvetica, Geneva, sans-serif, sans-serif;\"><strong>The Bellerofon\u00a0<\/strong><br \/>\nlies directly on the long beach of \u00c7\u0131ral\u0131. There are five bungalows in total, all in the middle of a large garden. Each bungalow has its own porch and measures some 30-40 sq m. Inside, there are one double bed and one single bed. On request, one small, additional bed can be provided.<\/span><\/p>\n<p align=\"JUSTIFY\"><span style=\"font-family: Arial, Helvetica, Geneva, sans-serif, sans-serif;\">All bungalows have air conditioning, private shower and toilet, mini-bar, tea and coffee machine and a hairdryer. Wireless access to the Internet is avialable to all our guests.<\/span><\/p>\n<p align=\"JUSTIFY\"><span style=\"font-family: Arial, Helvetica, Geneva, sans-serif, sans-serif;\">\u00a0<\/span><\/p>\n<p align=\"JUSTIFY\"><span style=\"font-family: Arial, Helvetica, Geneva, sans-serif, sans-serif;\">In our restaurant you can enjoy the traditional Turkish cuisine in splendid natural surroundings and with a view on the Mediterranean Sea.<\/span><\/p>\n<p align=\"JUSTIFY\"><span style=\"font-family: Arial, Helvetica, Geneva, sans-serif, sans-serif;\">\u00c7\u0131ral\u0131 lies some 80 km south of Antalya International Airport. The small tourist town of Kemer lies some<br \/>\n40 km to the north. \u00c7\u0131ral\u0131 is still an area of unspoilt beauty, untouched by mass tourism. The beach is internationally known for the Mediterranean loggerhead (Caretta caretta caretta), a species of turtle that comes here every year to lay its eggs in the sand.<\/span><\/p>\n<p align=\"JUSTIFY\"><span style=\"font-family: Arial, Helvetica, Geneva, sans-serif, sans-serif;\">Of interest for those with a taste for the historical and the legendary are the ruins of the ancient port of Olympos at the southern tip of \u00c7\u0131ral\u0131 Beach and the burning flames of Mount Chimera (Yanarta\u015f) to the north of the village.<\/span><\/p>\n<p align=\"JUSTIFY\"><span style=\"font-family: Arial, Helvetica, Geneva, sans-serif, sans-serif;\">In and around the village you will enjoy the full magnificence of the Mediterranean flora and fauna. \u00c7\u0131ral\u0131 and its surroundings are part of the Olimpos Beyda\u011flari Milli Park\u0131, a conservation area set up to guarantee that future generations will still be able to witness its many wonders of natural and historical beauty.<\/span><\/p>\n<p align=\"JUSTIFY\"><span style=\"font-family: Arial, Helvetica, Geneva, sans-serif, sans-serif;\">The Bellerofon I kindly invites you to a unique holiday in a unique, natural environment<\/span><\/p>\n<p>[\/vc_column_text][vc_media_grid element_width=&#8221;3&#8243; gap=&#8221;3&#8243; item=&#8221;202&#8243; initial_loading_animation=&#8221;none&#8221; grid_id=&#8221;vc_gid:1614291093625-ecbe5c35-f489-4&#8243; include=&#8221;431,432,430,433,434,435,446,444,443,442,440,439,438&#8243;][\/vc_column][\/vc_row]<\/p>\n<\/div>","protected":false},"excerpt":{"rendered":"<p>[vc_row][vc_column][vc_column_text] The Bellerofon\u00a0 lies directly on the long beach of \u00c7\u0131ral\u0131. There are five bungalows in total, all in the middle of a large garden. Each<span class=\"excerpt-hellip\"> [\u2026]<\/span><\/p>\n","protected":false},"author":1,"featured_media":0,"parent":0,"menu_order":0,"comment_status":"closed","ping_status":"closed","template":"","meta":{"footnotes":""},"class_list":["post-85","page","type-page","status-publish","hentry"],"_links":{"self":[{"href":"https:\/\/bellerofonholiday.com\/en\/wp-json\/wp\/v2\/pages\/85","targetHints":{"allow":["GET"]}}],"collection":[{"href":"https:\/\/bellerofonholiday.com\/en\/wp-json\/wp\/v2\/pages"}],"about":[{"href":"https:\/\/bellerofonholiday.com\/en\/wp-json\/wp\/v2\/types\/page"}],"author":[{"embeddable":true,"href":"https:\/\/bellerofonholiday.com\/en\/wp-json\/wp\/v2\/users\/1"}],"replies":[{"embeddable":true,"href":"https:\/\/bellerofonholiday.com\/en\/wp-json\/wp\/v2\/comments?post=85"}],"version-history":[{"count":19,"href":"https:\/\/bellerofonholiday.com\/en\/wp-json\/wp\/v2\/pages\/85\/revisions"}],"predecessor-version":[{"id":497,"href":"https:\/\/bellerofonholiday.com\/en\/wp-json\/wp\/v2\/pages\/85\/revisions\/497"}],"wp:attachment":[{"href":"https:\/\/bellerofonholiday.com\/en\/wp-json\/wp\/v2\/media?parent=85"}],"curies":[{"name":"wp","href":"https:\/\/api.w.org\/{rel}","templated":true}]}}