{"id":51,"date":"2016-09-12T07:42:56","date_gmt":"2016-09-12T04:42:56","guid":{"rendered":"http:\/\/themes.muffingroup.com\/be\/logistics\/?page_id=2"},"modified":"2024-10-20T16:24:20","modified_gmt":"2024-10-20T13:24:20","slug":"anasayfa","status":"publish","type":"page","link":"https:\/\/bellerofonholiday.com\/en\/","title":{"rendered":"Home"},"content":{"rendered":"<div class=\"wpb-content-wrapper\"><p>[vc_row][vc_column]\n\t\t\t<!-- START bellaen REVOLUTION SLIDER 6.7.18 --><p class=\"rs-p-wp-fix\"><\/p>\n\t\t\t<rs-module-wrap id=\"rev_slider_2_1_wrapper\" data-source=\"gallery\" style=\"visibility:hidden;background:#7a8790;padding:0;margin:0px auto;margin-top:0;margin-bottom:0;\">\n\t\t\t\t<rs-module id=\"rev_slider_2_1\" style=\"\" data-version=\"6.7.18\">\n\t\t\t\t\t<rs-slides style=\"overflow: hidden; position: absolute;\">\n\t\t\t\t\t\t<rs-slide style=\"position: absolute;\" data-key=\"rs-5\" data-title=\"Slide\" data-thumb=\"\/\/bellerofonholiday.com\/wp-content\/uploads\/2017\/04\/DSC02459-100x50.jpg\" data-duration=\"6400\" data-anim=\"adpr:false;\">\n\t\t\t\t\t\t\t<img decoding=\"async\" src=\"\/\/bellerofonholiday.com\/wp-content\/plugins\/revslider\/sr6\/assets\/assets\/dummy.png\" alt=\"\" title=\"Home\" class=\"rev-slidebg tp-rs-img rs-lazyload\" data-lazyload=\"\/\/bellerofonholiday.com\/wp-content\/uploads\/2017\/04\/DSC02459.jpg\" data-parallax=\"5\" data-no-retina>\n<!--\n\t\t\t\t\t\t\t--><rs-layer\n\t\t\t\t\t\t\t\tid=\"slider-2-slide-5-layer-6\" \n\t\t\t\t\t\t\t\tclass=\"Title-Style\"\n\t\t\t\t\t\t\t\tdata-type=\"text\"\n\t\t\t\t\t\t\t\tdata-color=\"#000000\"\n\t\t\t\t\t\t\t\tdata-rsp_ch=\"on\"\n\t\t\t\t\t\t\t\tdata-xy=\"x:c;xo:-64px;y:291px;\"\n\t\t\t\t\t\t\t\tdata-text=\"w:normal;s:55;l:58;a:center;\"\n\t\t\t\t\t\t\t\tdata-dim=\"w:1078px;h:117px;\"\n\t\t\t\t\t\t\t\tdata-frame_0=\"y:-50px;tp:600;\"\n\t\t\t\t\t\t\t\tdata-frame_1=\"tp:600;e:power2.inOut;st:560;sR:560;\"\n\t\t\t\t\t\t\t\tdata-frame_999=\"y:50px;o:0;tp:600;e:nothing;st:w;sp:150;sR:5540;\"\n\t\t\t\t\t\t\t\tstyle=\"z-index:5;font-family:'Playfair Display';font-style:italic;letter-spacing:-1px;\"\n\t\t\t\t\t\t\t>Live the moment with Bellerofon Holiday... \n\t\t\t\t\t\t\t<\/rs-layer><!--\n-->\t\t\t\t\t<\/rs-slide>\n\t\t\t\t\t\t<rs-slide style=\"position: absolute;\" data-key=\"rs-6\" data-title=\"Slide\" data-thumb=\"\/\/bellerofonholiday.com\/wp-content\/uploads\/2017\/04\/bhce-100x50.jpg\" data-duration=\"6400\" data-anim=\"adpr:false;\">\n\t\t\t\t\t\t\t<img decoding=\"async\" src=\"\/\/bellerofonholiday.com\/wp-content\/plugins\/revslider\/sr6\/assets\/assets\/dummy.png\" alt=\"\" title=\"Home\" class=\"rev-slidebg tp-rs-img rs-lazyload\" data-lazyload=\"\/\/bellerofonholiday.com\/wp-content\/uploads\/2017\/04\/bhce.jpg\" data-parallax=\"5\" data-no-retina>\n<!--\n\t\t\t\t\t\t\t--><rs-layer\n\t\t\t\t\t\t\t\tid=\"slider-2-slide-6-layer-6\" \n\t\t\t\t\t\t\t\tclass=\"Title-Style\"\n\t\t\t\t\t\t\t\tdata-type=\"text\"\n\t\t\t\t\t\t\t\tdata-color=\"rgba(255, 255, 255, 1)\"\n\t\t\t\t\t\t\t\tdata-rsp_ch=\"on\"\n\t\t\t\t\t\t\t\tdata-xy=\"x:32px;y:500px;\"\n\t\t\t\t\t\t\t\tdata-text=\"w:normal;s:55;l:58;\"\n\t\t\t\t\t\t\t\tdata-dim=\"w:885px;h:175px;\"\n\t\t\t\t\t\t\t\tdata-frame_0=\"x:50px;tp:600;\"\n\t\t\t\t\t\t\t\tdata-frame_1=\"tp:600;e:power2.inOut;st:560;sR:560;\"\n\t\t\t\t\t\t\t\tdata-frame_999=\"x:-50px;o:0;tp:600;e:nothing;st:w;sp:150;sR:5540;\"\n\t\t\t\t\t\t\t\tstyle=\"z-index:5;font-family:'Playfair Display';font-style:italic;letter-spacing:-1px;\"\n\t\t\t\t\t\t\t>Feel Nature... \n\t\t\t\t\t\t\t<\/rs-layer><!--\n-->\t\t\t\t\t<\/rs-slide>\n\t\t\t\t\t\t<rs-slide style=\"position: absolute;\" data-key=\"rs-7\" data-title=\"Slide\" data-thumb=\"\/\/bellerofonholiday.com\/wp-content\/uploads\/2017\/04\/DSC02523-100x50.jpg\" data-duration=\"6510\" data-anim=\"adpr:false;\">\n\t\t\t\t\t\t\t<img decoding=\"async\" src=\"\/\/bellerofonholiday.com\/wp-content\/plugins\/revslider\/sr6\/assets\/assets\/dummy.png\" alt=\"\" title=\"Home\" class=\"rev-slidebg tp-rs-img rs-lazyload\" data-lazyload=\"\/\/bellerofonholiday.com\/wp-content\/uploads\/2017\/04\/DSC02523.jpg\" data-parallax=\"5\" data-no-retina>\n<!--\n\t\t\t\t\t\t\t--><rs-layer\n\t\t\t\t\t\t\t\tid=\"slider-2-slide-7-layer-6\" \n\t\t\t\t\t\t\t\tclass=\"Title-Style\"\n\t\t\t\t\t\t\t\tdata-type=\"text\"\n\t\t\t\t\t\t\t\tdata-color=\"rgba(255, 255, 255, 1)\"\n\t\t\t\t\t\t\t\tdata-rsp_ch=\"on\"\n\t\t\t\t\t\t\t\tdata-xy=\"x:39px;y:433px;\"\n\t\t\t\t\t\t\t\tdata-text=\"w:normal;s:55;l:66;\"\n\t\t\t\t\t\t\t\tdata-dim=\"w:1204px;h:200px;\"\n\t\t\t\t\t\t\t\tdata-frame_0=\"y:50px;tp:600;\"\n\t\t\t\t\t\t\t\tdata-frame_1=\"tp:600;e:power2.inOut;st:330;sR:330;\"\n\t\t\t\t\t\t\t\tdata-frame_999=\"y:50px;o:0;tp:600;e:nothing;st:w;sR:5880;\"\n\t\t\t\t\t\t\t\tstyle=\"z-index:5;font-family:'Playfair Display';font-style:italic;\"\n\t\t\t\t\t\t\t>You may want to keep your energy at dinner! \n\t\t\t\t\t\t\t<\/rs-layer><!--\n-->\t\t\t\t\t<\/rs-slide>\n\t\t\t\t\t\t<rs-slide style=\"position: absolute;\" data-key=\"rs-8\" data-title=\"Slide\" data-thumb=\"\/\/bellerofonholiday.com\/wp-content\/uploads\/2017\/04\/DSC02784-100x50.jpg\" data-duration=\"6510\" data-anim=\"adpr:false;\">\n\t\t\t\t\t\t\t<img decoding=\"async\" src=\"\/\/bellerofonholiday.com\/wp-content\/plugins\/revslider\/sr6\/assets\/assets\/dummy.png\" alt=\"\" title=\"Home\" class=\"rev-slidebg tp-rs-img rs-lazyload\" data-lazyload=\"\/\/bellerofonholiday.com\/wp-content\/uploads\/2017\/04\/DSC02784.jpg\" data-parallax=\"5\" data-no-retina>\n<!--\n\t\t\t\t\t\t\t--><rs-layer\n\t\t\t\t\t\t\t\tid=\"slider-2-slide-8-layer-6\" \n\t\t\t\t\t\t\t\tclass=\"Title-Style\"\n\t\t\t\t\t\t\t\tdata-type=\"text\"\n\t\t\t\t\t\t\t\tdata-color=\"rgba(255, 255, 255, 1)\"\n\t\t\t\t\t\t\t\tdata-rsp_ch=\"on\"\n\t\t\t\t\t\t\t\tdata-xy=\"x:38px;y:129px;\"\n\t\t\t\t\t\t\t\tdata-text=\"w:normal;s:30;l:43;\"\n\t\t\t\t\t\t\t\tdata-dim=\"w:1204px;h:200px;\"\n\t\t\t\t\t\t\t\tdata-frame_0=\"y:50px;tp:600;\"\n\t\t\t\t\t\t\t\tdata-frame_1=\"tp:600;e:power2.inOut;st:330;sR:330;\"\n\t\t\t\t\t\t\t\tdata-frame_999=\"y:50px;o:0;tp:600;e:nothing;st:w;sR:5880;\"\n\t\t\t\t\t\t\t\tstyle=\"z-index:5;font-family:'Playfair Display';font-style:italic;\"\n\t\t\t\t\t\t\t>At the beginning of the fire, close to the seaside, dance, music and food? \n\t\t\t\t\t\t\t<\/rs-layer><!--\n-->\t\t\t\t\t<\/rs-slide>\n\t\t\t\t\t<\/rs-slides>\n\t\t\t\t<\/rs-module>\n\t\t\t\t<script>\n\t\t\t\t\tsetREVStartSize({c: 'rev_slider_2_1',rl:[1240,1024,778,480],el:[],gw:[1170],gh:[730],type:'standard',justify:'',layout:'fullwidth',mh:\"0\"});if (window.RS_MODULES!==undefined && window.RS_MODULES.modules!==undefined && window.RS_MODULES.modules[\"revslider21\"]!==undefined) {window.RS_MODULES.modules[\"revslider21\"].once = false;window.revapi2 = undefined;if (window.RS_MODULES.checkMinimal!==undefined) window.RS_MODULES.checkMinimal()}\n\t\t\t\t<\/script>\n\t\t\t<\/rs-module-wrap>\n\t\t\t<!-- END REVOLUTION SLIDER -->\n[vc_empty_space][\/vc_column][\/vc_row][vc_row][vc_column width=&#8221;1\/2&#8243;][vc_single_image image=&#8221;559&#8243; img_size=&#8221;400&#215;300&#8243; alignment=&#8221;center&#8221; style=&#8221;vc_box_rounded&#8221; css=&#8221;&#8221;][\/vc_column][vc_column width=&#8221;1\/2&#8243;][vc_column_text css=&#8221;&#8221;]<\/p>\n<p align=\"JUSTIFY\"><span style=\"font-family: Arial, Helvetica, Geneva, sans-serif, sans-serif;\"><b>Bellerofon Hotel<\/b> <\/span><\/p>\n<h4 align=\"JUSTIFY\"><em>We are sure that you will enjoy your holiday in the most peaceful and beautiful way in this garden of ours, which is directly by the sea. In our breakfast area in our hotel, we serve our valued guests with our traditional menu, and we are proud to bring all the tastes of Turkish cuisine to your table. In our breakfast area, under the orange and pine trees, you can take in the sea view and relieve the tiredness and stress of the day.<\/em><\/h4>\n<p>[\/vc_column_text][\/vc_column][\/vc_row][vc_row][vc_column width=&#8221;1\/3&#8243;][vc_single_image image=&#8221;106&#8243; img_size=&#8221;500&#215;400&#8243; alignment=&#8221;center&#8221; style=&#8221;vc_box_rounded&#8221;]<div class=\"fancy_heading fancy_heading_icon\"><h2 class=\"title\">Activities<\/h2><div class=\"inside\">Activities in Cirali.<\/div><\/div>\n[\/vc_column][vc_column width=&#8221;1\/3&#8243;][vc_single_image image=&#8221;565&#8243; img_size=&#8221;500&#215;400&#8243; alignment=&#8221;center&#8221; style=&#8221;vc_box_rounded&#8221; css=&#8221;&#8221;]<div class=\"fancy_heading fancy_heading_icon\"><h2 class=\"title\">Breakfast Area<\/h2><div class=\"inside\">Bellerofon Holiday Restaurant Gallery<\/div><\/div>\n[\/vc_column][vc_column width=&#8221;1\/3&#8243;][vc_single_image image=&#8221;446&#8243; img_size=&#8221;500&#215;400&#8243; alignment=&#8221;center&#8221; style=&#8221;vc_box_rounded&#8221;]<div class=\"fancy_heading fancy_heading_icon\"><h2 class=\"title\">Garden<\/h2><div class=\"inside\">Take a Look Bellerofon Garden.<\/div><\/div>\n[\/vc_column][\/vc_row][vc_row][vc_column][vc_tta_tabs style=&#8221;modern&#8221; color=&#8221;orange&#8221; alignment=&#8221;center&#8221; autoplay=&#8221;10&#8243; active_section=&#8221;1&#8243;][vc_tta_section title=&#8221;By Car&#8221; tab_id=&#8221;sahsi&#8221;][vc_column_text]<\/p>\n<h1>BY CAR<\/h1>\n<p>Go on towards Antalya Ka\u015f (west), after Tekirova enter the \u00c7\u0131ral\u0131 turnout (7km). Follow the scenic, crooked road. You will find Bellerofon Holiday[\/vc_column_text][\/vc_tta_section][vc_tta_section title=&#8221;Bus&#8221; tab_id=&#8221;otobus&#8221;][vc_column_text]<\/p>\n<h1>BY BUS<\/h1>\n<p>Get on the Antalya-Ka\u015f bus and tell that you want to get off at the \u00c7\u0131ral\u0131 turnout. Your trip will last 1,5 hours approximately. There is a minibus stop at the \u00c7\u0131ral\u0131 turnout. Get on one of these minibuses and tell the driver that you want to go to\u00a0Bellerofon Holiday.[\/vc_column_text][\/vc_tta_section][vc_tta_section title=&#8221;Airport Vip&#8221; tab_id=&#8221;vip&#8221;][vc_column_text]<\/p>\n<h1>BY PLANE<\/h1>\n<p>Your transfer will be provided from the Antalya airport. Please contact us for this service.[\/vc_column_text][\/vc_tta_section][\/vc_tta_tabs][\/vc_column][\/vc_row][vc_row][vc_column][vc_column_text]<\/p>\n<p><iframe loading=\"lazy\" style=\"border: 0;\" src=\"https:\/\/www.google.com\/maps\/embed?pb=!1m18!1m12!1m3!1d7917.295382238528!2d30.477557795831792!3d36.414486633196255!2m3!1f0!2f0!3f0!3m2!1i1024!2i768!4f13.1!3m3!1m2!1s0x14c236843b022457%3A0x94d7ffb30c831275!2sBellerofon+Hotel!5e0!3m2!1str!2str!4v1543059420769\" width=\"1100\" height=\"450\" frameborder=\"0\" allowfullscreen=\"allowfullscreen\"><\/iframe>[\/vc_column_text][\/vc_column][\/vc_row]<\/p>\n<\/div>","protected":false},"excerpt":{"rendered":"<p>[vc_row][vc_column][vc_empty_space][\/vc_column][\/vc_row][vc_row][vc_column width=&#8221;1\/2&#8243;][vc_single_image image=&#8221;559&#8243; img_size=&#8221;400&#215;300&#8243; alignment=&#8221;center&#8221; style=&#8221;vc_box_rounded&#8221; css=&#8221;&#8221;][\/vc_column][vc_column width=&#8221;1\/2&#8243;][vc_column_text css=&#8221;&#8221;] Bellerofon Hotel We are sure that you will enjoy your holiday in the most peaceful and beautiful<span class=\"excerpt-hellip\"> [\u2026]<\/span><\/p>\n","protected":false},"author":1,"featured_media":0,"parent":0,"menu_order":0,"comment_status":"closed","ping_status":"closed","template":"","meta":{"footnotes":""},"class_list":["post-51","page","type-page","status-publish","hentry"],"_links":{"self":[{"href":"https:\/\/bellerofonholiday.com\/en\/wp-json\/wp\/v2\/pages\/51","targetHints":{"allow":["GET"]}}],"collection":[{"href":"https:\/\/bellerofonholiday.com\/en\/wp-json\/wp\/v2\/pages"}],"about":[{"href":"https:\/\/bellerofonholiday.com\/en\/wp-json\/wp\/v2\/types\/page"}],"author":[{"embeddable":true,"href":"https:\/\/bellerofonholiday.com\/en\/wp-json\/wp\/v2\/users\/1"}],"replies":[{"embeddable":true,"href":"https:\/\/bellerofonholiday.com\/en\/wp-json\/wp\/v2\/comments?post=51"}],"version-history":[{"count":20,"href":"https:\/\/bellerofonholiday.com\/en\/wp-json\/wp\/v2\/pages\/51\/revisions"}],"predecessor-version":[{"id":609,"href":"https:\/\/bellerofonholiday.com\/en\/wp-json\/wp\/v2\/pages\/51\/revisions\/609"}],"wp:attachment":[{"href":"https:\/\/bellerofonholiday.com\/en\/wp-json\/wp\/v2\/media?parent=51"}],"curies":[{"name":"wp","href":"https:\/\/api.w.org\/{rel}","templated":true}]}}