{"id":85,"date":"2017-04-15T16:08:42","date_gmt":"2017-04-15T13:08:42","guid":{"rendered":"http:\/\/bellerofonholiday.com\/?page_id=85"},"modified":"2021-03-28T19:51:02","modified_gmt":"2021-03-28T16:51:02","slug":"bellerofon-i","status":"publish","type":"page","link":"https:\/\/bellerofonholiday.com\/de\/bellerofon-i\/","title":{"rendered":"Bellerofon"},"content":{"rendered":"<div class=\"wpb-content-wrapper\"><p>[vc_row 0=&#8220;&#8220;][vc_column 0=&#8220;&#8220;][vc_column_text 0=&#8220;&#8220; css=&#8220;.vc_custom_1614435416340{border-radius: 1px !important;}&#8220;]<\/p>\n<table id=\"Tabelle58\" border=\"0\" width=\"100%\" cellspacing=\"0\" cellpadding=\"0\">\n<tbody>\n<tr>\n<td width=\"100%\">\n<h2 align=\"JUSTIFY\"><em><span style=\"font-family: Arial, Helvetica, Geneva, sans-serif, sans-serif;\"><b>Bellerofon\u00a0<\/b><\/span><\/em><b><\/b><\/h2>\n<\/td>\n<\/tr>\n<tr>\n<td>\n<h4 align=\"JUSTIFY\"><span style=\"font-family: Arial, Helvetica, Geneva, sans-serif, sans-serif;\">\u00a0<\/span><\/h4>\n<\/td>\n<\/tr>\n<tr>\n<td valign=\"TOP\" width=\"100%\">\n<h4><span style=\"font-family: Arial, Helvetica, Geneva, sans-serif, sans-serif;\">\u00a0<strong><span style=\"color: #333300;\"><em>Direk deniz kenar\u0131nda olan bu bah\u00e7emizde tatilin tad\u0131n\u0131 huzurlu ve en g\u00fczel \u015fekilde ge\u00e7irece\u011finizden eminiz. Otelimizde bulunan Restoran\u0131m\u0131z, siz de\u011ferli misafirlerimize, geleneksel y\u00f6re yemeklerin yan\u0131 s\u0131ra, T\u00fcrk mutfa\u011f\u0131n\u0131n t\u00fcm tad\u0131mlar\u0131n\u0131, masan\u0131za ta\u015f\u0131maktan gurur duyar. Kahvalt\u0131 ve yemeklerinizi, portakal ve \u00e7am a\u011fa\u00e7lar\u0131 alt\u0131nda, deniz manzaras\u0131n\u0131 i\u00e7inize sindirerek alabilir ve g\u00fcn\u00fcn yorgunlu\u011funu ve stresini atabilirsiniz.<\/em><\/span><\/strong><\/span><\/h4>\n<h4><strong><span style=\"color: #333300;\"><em><span style=\"font-family: Arial, Helvetica, Geneva, sans-serif, sans-serif;\">Bungalovlar\u0131m\u0131zda klima, du\u015f-tuvalet, mini bar, \u00e7ay ve kahve\u00a0yapma olana\u011f\u0131, sa\u00e7 kurutma makinesinin yan\u0131nda, wirelees internet ba\u011flant\u0131s\u0131 bulunmakta olup, sizlere evinizdeki rahatl\u0131\u011f\u0131 aratmayacak bir tatil ya\u015fatacakt\u0131r.<\/span><span style=\"font-family: Arial, Helvetica, Geneva, sans-serif, sans-serif;\">Odalar 30-40 m2 b\u00fcy\u00fckl\u00fc\u011f\u00fcnde olup, 1 \u00e7ift ve 1 tek yataktan olu\u015fmaktad\u0131r ve arzu \u00fczerine ilave yatak konur. Odalar\u0131m\u0131zda oturma imk\u00e2n\u0131n\u0131n yan\u0131 s\u0131ra her bungalovunun kendine ait bir verandas\u0131 bulunur.<\/span><span style=\"font-family: Arial, Helvetica, Geneva, sans-serif, sans-serif;\">\u00c7IRALI HAKKINDA \u00c7\u0131ral\u0131, Antalyaya 80 km. Kemere 40 km. uzakl\u0131kta ve 4 km. sahili ile Akdenizin g\u00f6z kama\u015ft\u0131ran sakl\u0131 cennetidir. Kumsal denizden itibaren yumu\u015fak bir e\u011fimle y\u00fckselmektedir. Her iki ucunda kayal\u0131klarla s\u0131n\u0131rlanm\u0131\u015ft\u0131r.<\/span><span style=\"font-family: Arial, Helvetica, Geneva, sans-serif, sans-serif;\">\u00c7\u0131ral\u0131 kumsal\u0131, d\u00fcnyada nesli koruma alt\u0131nda bulunan Caretta Caretta deniz kaplumba\u011falar\u0131n\u0131n yuvalad\u0131\u011f\u0131, T\u00fcrkiyenin en \u00f6nemli kumsallar\u0131 aras\u0131ndad\u0131r. Caretta Caretta&#8217;lar\u0131n yan\u0131 s\u0131ra \u00e7ok say\u0131da hayvan ve bitki t\u00fcr\u00fcn\u00fc bar\u0131nd\u0131ran bir b\u00f6lgede ayr\u0131ca yak\u0131n\u0131nda bulunan antik Olimpos kenti, mitolojide ad\u0131 ge\u00e7en Yanarta\u015f (Olimpos Da\u011f\u0131&#8217;n\u0131n yanarta\u015f\u0131), portakal bah\u00e7eleri ve seralar b\u00f6lgeyi do\u011fa ve tarih merakl\u0131lar\u0131 i\u00e7in olduk\u00e7a cazip k\u0131l\u0131yor.<\/span><span style=\"font-family: Arial, Helvetica, Geneva, sans-serif, sans-serif;\">\u00c7\u0131ral\u0131n\u0131n tarihi ve do\u011fal zenginli\u011fi, yasal stat\u00fcler geli\u015ftirilerek koruma alt\u0131na al\u0131nm\u0131\u015f durumda. Bug\u00fcne kadar turizmin getirdi\u011fi kirlenme ve yap\u0131la\u015fmadan pay\u0131n\u0131 almayan \u00c7\u0131ral\u0131&#8217;n\u0131n \u00f6zelliklerini koruyarak gelecek ku\u015faklara b\u0131rak\u0131lmas\u0131 hedefleniyor.<\/span><\/em><\/span><\/strong><\/h4>\n<\/td>\n<\/tr>\n<\/tbody>\n<\/table>\n<p>[\/vc_column_text][vc_media_grid element_width=&#8220;3&#8243; gap=&#8220;3&#8243; item=&#8220;202&#8243; initial_loading_animation=&#8220;none&#8220; grid_id=&#8220;vc_gid:1614435315830-91c5f472-2fb9-1&#8243; include=&#8220;430,431,432,433,434,438,439,440,442,443,444&#8243;][\/vc_column][\/vc_row]<\/p>\n<\/div>","protected":false},"excerpt":{"rendered":"<p>[vc_row 0=&#8220;&#8220;][vc_column 0=&#8220;&#8220;][vc_column_text 0=&#8220;&#8220; css=&#8220;.vc_custom_1614435416340{border-radius: 1px !important;}&#8220;] Bellerofon\u00a0 \u00a0 \u00a0Direk deniz kenar\u0131nda olan bu bah\u00e7emizde tatilin tad\u0131n\u0131 huzurlu ve en g\u00fczel \u015fekilde ge\u00e7irece\u011finizden eminiz. Otelimizde bulunan<span class=\"excerpt-hellip\"> [\u2026]<\/span><\/p>\n","protected":false},"author":1,"featured_media":0,"parent":0,"menu_order":0,"comment_status":"closed","ping_status":"closed","template":"","meta":{"footnotes":""},"class_list":["post-85","page","type-page","status-publish","hentry"],"_links":{"self":[{"href":"https:\/\/bellerofonholiday.com\/de\/wp-json\/wp\/v2\/pages\/85","targetHints":{"allow":["GET"]}}],"collection":[{"href":"https:\/\/bellerofonholiday.com\/de\/wp-json\/wp\/v2\/pages"}],"about":[{"href":"https:\/\/bellerofonholiday.com\/de\/wp-json\/wp\/v2\/types\/page"}],"author":[{"embeddable":true,"href":"https:\/\/bellerofonholiday.com\/de\/wp-json\/wp\/v2\/users\/1"}],"replies":[{"embeddable":true,"href":"https:\/\/bellerofonholiday.com\/de\/wp-json\/wp\/v2\/comments?post=85"}],"version-history":[{"count":19,"href":"https:\/\/bellerofonholiday.com\/de\/wp-json\/wp\/v2\/pages\/85\/revisions"}],"predecessor-version":[{"id":497,"href":"https:\/\/bellerofonholiday.com\/de\/wp-json\/wp\/v2\/pages\/85\/revisions\/497"}],"wp:attachment":[{"href":"https:\/\/bellerofonholiday.com\/de\/wp-json\/wp\/v2\/media?parent=85"}],"curies":[{"name":"wp","href":"https:\/\/api.w.org\/{rel}","templated":true}]}}