{"id":51,"date":"2016-09-12T07:42:56","date_gmt":"2016-09-12T04:42:56","guid":{"rendered":"http:\/\/themes.muffingroup.com\/be\/logistics\/?page_id=2"},"modified":"2024-10-20T16:24:20","modified_gmt":"2024-10-20T13:24:20","slug":"anasayfa","status":"publish","type":"page","link":"https:\/\/bellerofonholiday.com\/de\/","title":{"rendered":"Anasayfa"},"content":{"rendered":"<div class=\"wpb-content-wrapper\"><p>[vc_row 0=&#8220;&#8220;][vc_column 0=&#8220;&#8220;][vc_empty_space 0=&#8220;&#8220;][\/vc_column][\/vc_row][vc_row 0=&#8220;&#8220;][vc_column width=&#8220;1\/2&#8243;][vc_single_image image=&#8220;559&#8243; img_size=&#8220;500&#215;300&#8243; alignment=&#8220;center&#8220; style=&#8220;vc_box_rounded&#8220; css=&#8220;&#8220;][\/vc_column][vc_column width=&#8220;1\/2&#8243;][vc_column_text 0=&#8220;&#8220; css=&#8220;&#8220;]<\/p>\n<h4><b>Bellerofon\u00a0<\/b><\/h4>\n<h4 align=\"JUSTIFY\"><em>We are sure that you will enjoy your holiday in the most peaceful and beautiful way in this garden of ours, which is directly by the sea. In our breakfast area in our hotel, we serve our valued guests with our traditional menu, and we are proud to bring all the tastes of Turkish cuisine to your table. In our breakfast area, under the orange and pine trees, you can take in the sea view and relieve the tiredness and stress of the day.<\/em><\/h4>\n<p>[\/vc_column_text][\/vc_column][\/vc_row][vc_row 0=&#8220;&#8220;][vc_column width=&#8220;1\/3&#8243;][vc_single_image image=&#8220;106&#8243; img_size=&#8220;500&#215;400&#8243; alignment=&#8220;center&#8220; style=&#8220;vc_box_rounded&#8220;]<div class=\"fancy_heading fancy_heading_icon\"><h2 class=\"title\">Aktiviteler<\/h2><div class=\"inside\">\u00c7\u0131ral\u0131&#8217;da yapabilece\u011finiz aktiviteler.<\/div><\/div>\n[\/vc_column][vc_column width=&#8220;1\/3&#8243;][vc_single_image image=&#8220;565&#8243; img_size=&#8220;500&#215;400&#8243; alignment=&#8220;center&#8220; style=&#8220;vc_box_rounded&#8220; css=&#8220;&#8220;]<div class=\"fancy_heading fancy_heading_icon\"><h2 class=\"title\">Breakfast Area<\/h2><div class=\"inside\">Bellerofon Holiday Restaurant Galerisi<\/div><\/div>\n[\/vc_column][vc_column width=&#8220;1\/3&#8243;][vc_single_image image=&#8220;446&#8243; img_size=&#8220;500&#215;400&#8243; alignment=&#8220;center&#8220; style=&#8220;vc_box_rounded&#8220;]<div class=\"fancy_heading fancy_heading_icon\"><h2 class=\"title\">Bah\u00e7e<\/h2><div class=\"inside\">Bellerofon Bah\u00e7esine Bir G\u00f6z At\u0131n&#8230;<\/div><\/div>\n[\/vc_column][\/vc_row][vc_row 0=&#8220;&#8220;][vc_column 0=&#8220;&#8220;][vc_tta_tabs style=&#8220;modern&#8220; color=&#8220;orange&#8220; alignment=&#8220;center&#8220; autoplay=&#8220;10&#8243; active_section=&#8220;1&#8243;][vc_tta_section title=&#8220;Karayolu (\u015eahsi Ara\u00e7)&#8220; tab_id=&#8220;sahsi&#8220;][vc_column_text 0=&#8220;&#8220;]<\/p>\n<h4><b> <\/b>Antalya- Kumluca karayolu (D400) aras\u0131nda bulunan \u00c7\u0131ral\u0131, Antalyadan 80 km. uzakl\u0131ktad\u0131r. Anayol D400 \u00fczerinden, viraji bol manzaral\u0131, \u00a07 km&#8217;lik yol sonras\u0131 ula\u015f\u0131m sa\u011flan\u0131r. Kumluca otoyolu \u00fczerinden, \u00e7\u0131ral\u0131 kav\u015fa\u011f\u0131n\u0131 g\u00f6r\u00fcnce a\u015fa\u011f\u0131 ilerleyen yolu takip ederek \u00c7\u0131ral\u0131 Tatil Cennetine ula\u015f\u0131m sa\u011flanabilir.<\/h4>\n<p>Bunlarla u\u011fra\u015fmak istemiyorum diyorsan\u0131z ; Alt k\u0131s\u0131mda bulunan harita&#8217;ya t\u0131klayarak, a\u00e7\u0131lan harita navigasyon sisteminde yol haritas\u0131n\u0131 belirle diyerek ; konumunuzdan Bellerofon Holiday&#8217;e kolay ve sesli yol tarifi yard\u0131m\u0131 ile kolayca ula\u015fabilirsiniz&#8230;[\/vc_column_text][\/vc_tta_section][vc_tta_section title=&#8220;Otob\u00fcs&#8220; tab_id=&#8220;otobus&#8220;][vc_column_text 0=&#8220;&#8220;]<\/p>\n<h4><span style=\"color: #494949; font-family: Arial, Helvetica, Geneva, sans-serif, sans-serif;\">Antalya Otob\u00fcs Terminalinden\u00a0Kumluca, Finike, Ka<\/span><span style=\"font-family: Arial, Helvetica, Geneva, sans-serif, sans-serif;\">\u015f b\u00f6lgesine<\/span><span style=\"color: #494949; font-family: Arial, Helvetica, Geneva, sans-serif, sans-serif;\">\u00a0gitmekte olan t\u00fcm ara\u00e7lar ile \u00c7\u0131ral\u0131 kav<\/span><span style=\"font-family: Arial, Helvetica, Geneva, sans-serif, sans-serif;\">\u015f<\/span><span style=\"color: #494949; font-family: Arial, Helvetica, Geneva, sans-serif, sans-serif;\">a<\/span><span style=\"font-family: Arial, Helvetica, Geneva, sans-serif, sans-serif;\">\u011f<\/span><span style=\"color: #494949; font-family: Arial, Helvetica, Geneva, sans-serif, sans-serif;\">\u0131na gelebilirsiniz. Yaz aylar\u0131nda buradan g\u00fcn boyunca \u00c7\u0131ral\u0131&#8217;ya ek otob\u00fcs servisleri sa\u011flanmaktad\u0131r. Bu ek servis ile otelimize kadar gelebilirsiniz.<\/span><\/h4>\n<p>[\/vc_column_text][\/vc_tta_section][vc_tta_section title=&#8220;Vip Transfer&#8220; tab_id=&#8220;vip&#8220;][vc_column_text 0=&#8220;&#8220;]<\/p>\n<h4>Misafirlerimize \u00f6zel olarak sundu\u011fumuz vip arac\u0131m\u0131z, sizi havaalan\u0131 veya otob\u00fcs terminalinden alarak otelimize yapacak oldu\u011funuz yolculukta kolayl\u0131k sa\u011flar. Vip Servisimiz sayesinde servisimiz havaalan\u0131nda ba\u015flar ve tekrar u\u00e7a\u011fa veya otob\u00fcse bindi\u011finiz saate kadar devam eder. Detayl\u0131 bilgi i\u00e7in l\u00fctfen bizi aramay\u0131 unutmay\u0131n\u0131z.<\/h4>\n<p>[\/vc_column_text][\/vc_tta_section][vc_tta_section title=&#8220;\u00c7\u0131ral\u0131 Genel Ula\u015f\u0131m Bilgileri&#8220; tab_id=&#8220;cirali&#8220;][vc_column_text 0=&#8220;&#8220;]<\/p>\n<h2>\u00d6zel Aracinizla<\/h2>\n<h4>Antalya&#8217;dan Kumluca-Ka\u015f istikametine do\u011fru Tekirova dan sonra \u00c7\u0131ral\u0131 7 km tabelasindan sola d\u00f6n\u00fcn. Virajl\u0131 ve manzaral\u0131 bir yoldan, \u00e7am a\u011fa\u00e7lar\u0131 aras\u0131nda 7 km yolculu\u011funuzu tamamlay\u0131nca \u00e7\u0131ral\u0131 sahilini, sakl\u0131 cennet \u00e7\u0131ral\u0131&#8217;y\u0131 g\u00f6receksiniz. Bellerofon Holiday&#8217;i\u00a0y\u00f6n g\u00f6steren tabeladan bulabilirsiniz.<\/h4>\n<h2>Otob\u00fcs ile<\/h2>\n<h4>Antalya otogar\u0131ndan Kumluca-Ka\u015f istikametine giden \u00c7i\u00e7ek tur veya Antalya tur otob\u00fcslerine binip \u00c7irali yol kavsaginda inebilirsiniz. Orada \u00c7irali Dolmu\u015flar\u0131na binerek \u00c7\u0131ral\u0131&#8216; ya gelebilirsiniz.<\/h4>\n<h2>U\u00e7ak ile<\/h2>\n<h4>Antalya hava alan\u0131ndan antalya otogarana geliniz buradan \u00c7i\u00e7ek tur veya Antalya tur otob\u00fcsleriyle \u00c7\u0131ral\u0131&#8217;ya gelebilirsiniz. Vip servis i\u00e7in l\u00fctfen vip servis sekmesini okuyunuz&#8230;<\/h4>\n<p>[\/vc_column_text][\/vc_tta_section][\/vc_tta_tabs][\/vc_column][\/vc_row][vc_row 0=&#8220;&#8220;][vc_column][vc_column_text 0=&#8220;&#8220;]<\/p>\n<p><iframe loading=\"lazy\" style=\"border: 0;\" src=\"https:\/\/www.google.com\/maps\/embed?pb=!1m18!1m12!1m3!1d7917.295382238528!2d30.477557795831792!3d36.414486633196255!2m3!1f0!2f0!3f0!3m2!1i1024!2i768!4f13.1!3m3!1m2!1s0x14c236843b022457%3A0x94d7ffb30c831275!2sBellerofon+Hotel!5e0!3m2!1str!2str!4v1543059420769\" width=\"1100\" height=\"450\" frameborder=\"0\" allowfullscreen=\"allowfullscreen\"><\/iframe>[\/vc_column_text][\/vc_column][\/vc_row]<\/p>\n<\/div>","protected":false},"excerpt":{"rendered":"<p>[vc_row 0=&#8220;&#8220;][vc_column 0=&#8220;&#8220;][vc_empty_space 0=&#8220;&#8220;][\/vc_column][\/vc_row][vc_row 0=&#8220;&#8220;][vc_column width=&#8220;1\/2&#8243;][vc_single_image image=&#8220;559&#8243; img_size=&#8220;500&#215;300&#8243; alignment=&#8220;center&#8220; style=&#8220;vc_box_rounded&#8220; css=&#8220;&#8220;][\/vc_column][vc_column width=&#8220;1\/2&#8243;][vc_column_text 0=&#8220;&#8220; css=&#8220;&#8220;] Bellerofon\u00a0 We are sure that you will enjoy your holiday in the<span class=\"excerpt-hellip\"> [\u2026]<\/span><\/p>\n","protected":false},"author":1,"featured_media":0,"parent":0,"menu_order":0,"comment_status":"closed","ping_status":"closed","template":"","meta":{"footnotes":""},"class_list":["post-51","page","type-page","status-publish","hentry"],"_links":{"self":[{"href":"https:\/\/bellerofonholiday.com\/de\/wp-json\/wp\/v2\/pages\/51","targetHints":{"allow":["GET"]}}],"collection":[{"href":"https:\/\/bellerofonholiday.com\/de\/wp-json\/wp\/v2\/pages"}],"about":[{"href":"https:\/\/bellerofonholiday.com\/de\/wp-json\/wp\/v2\/types\/page"}],"author":[{"embeddable":true,"href":"https:\/\/bellerofonholiday.com\/de\/wp-json\/wp\/v2\/users\/1"}],"replies":[{"embeddable":true,"href":"https:\/\/bellerofonholiday.com\/de\/wp-json\/wp\/v2\/comments?post=51"}],"version-history":[{"count":20,"href":"https:\/\/bellerofonholiday.com\/de\/wp-json\/wp\/v2\/pages\/51\/revisions"}],"predecessor-version":[{"id":609,"href":"https:\/\/bellerofonholiday.com\/de\/wp-json\/wp\/v2\/pages\/51\/revisions\/609"}],"wp:attachment":[{"href":"https:\/\/bellerofonholiday.com\/de\/wp-json\/wp\/v2\/media?parent=51"}],"curies":[{"name":"wp","href":"https:\/\/api.w.org\/{rel}","templated":true}]}}