{"id":26,"date":"2016-09-14T13:27:37","date_gmt":"2016-09-14T10:27:37","guid":{"rendered":"http:\/\/themes.muffingroup.com\/be\/logistics\/?page_id=26"},"modified":"2021-06-09T20:36:31","modified_gmt":"2021-06-09T17:36:31","slug":"iletisim","status":"publish","type":"page","link":"https:\/\/bellerofonholiday.com\/de\/iletisim\/","title":{"rendered":"Kontakt"},"content":{"rendered":"<div class=\"wpb-content-wrapper\"><p>[vc_row][vc_column][vc_column_text]<iframe loading=\"lazy\" style=\"border: 0;\" src=\"https:\/\/www.google.com\/maps\/embed?pb=!1m18!1m12!1m3!1d7917.295382238528!2d30.477557795831792!3d36.414486633196255!2m3!1f0!2f0!3f0!3m2!1i1024!2i768!4f13.1!3m3!1m2!1s0x14c236843b022457%3A0x94d7ffb30c831275!2sBellerofon+Hotel!5e0!3m2!1str!2str!4v1543059420769\" width=\"1100\" height=\"450\" frameborder=\"0\" allowfullscreen=\"allowfullscreen\"><\/iframe><\/p>\n<p>[\/vc_column_text][\/vc_column][\/vc_row][vc_row][vc_column width=&#8220;1\/2&#8243;]<div class=\"get_in_touch\" ><div class=\"get_in_touch_wrapper\"><ul><li class=\"address\"><span class=\"icon\"><i class=\"icon-location\"><\/i><\/span><span class=\"address_wrapper\">Hotel Bellerofon | Akif Kosk<br \/>\nUlup\u0131nar Mahallesi, \u00c7\u0131ral\u0131 Yolu, 07980<br \/>\n\u00c7\u0131ral\u0131 - Antalya - T\u00fcrkiye<\/span><\/li><li class=\"phone phone-1\"><span class=\"icon\"><i class=\"icon-phone\"><\/i><\/span><p><a href=\"tel:+90-533-9358423\">+90-533-935 8423<\/a><\/p><\/li><li class=\"mail\"><span class=\"icon\"><i class=\"icon-mail\"><\/i><\/span><p><a href=\"mailto:info@bellerofonholiday.com\">info@bellerofonholiday.com<\/a><\/p><\/li><li class=\"www\"><span class=\"icon\"><i class=\"icon-link\"><\/i><\/span><p><a target=\"_blank\" href=\"https:\/\/bellerofonholiday.com\">bellerofonholiday.com<\/a><\/p><\/li><\/ul><\/div><\/div>\n[\/vc_column][vc_column width=&#8220;1\/2&#8243;][vc_single_image image=&#8220;428&#8243; img_size=&#8220;500&#215;500&#8243;][\/vc_column][\/vc_row]<\/p>\n<\/div>","protected":false},"excerpt":{"rendered":"<p>[vc_row][vc_column][vc_column_text] [\/vc_column_text][\/vc_column][\/vc_row][vc_row][vc_column width=&#8220;1\/2&#8243;][\/vc_column][vc_column width=&#8220;1\/2&#8243;][vc_single_image image=&#8220;428&#8243; img_size=&#8220;500&#215;500&#8243;][\/vc_column][\/vc_row]<\/p>\n","protected":false},"author":1,"featured_media":0,"parent":0,"menu_order":0,"comment_status":"closed","ping_status":"closed","template":"","meta":{"footnotes":""},"class_list":["post-26","page","type-page","status-publish","hentry"],"_links":{"self":[{"href":"https:\/\/bellerofonholiday.com\/de\/wp-json\/wp\/v2\/pages\/26","targetHints":{"allow":["GET"]}}],"collection":[{"href":"https:\/\/bellerofonholiday.com\/de\/wp-json\/wp\/v2\/pages"}],"about":[{"href":"https:\/\/bellerofonholiday.com\/de\/wp-json\/wp\/v2\/types\/page"}],"author":[{"embeddable":true,"href":"https:\/\/bellerofonholiday.com\/de\/wp-json\/wp\/v2\/users\/1"}],"replies":[{"embeddable":true,"href":"https:\/\/bellerofonholiday.com\/de\/wp-json\/wp\/v2\/comments?post=26"}],"version-history":[{"count":28,"href":"https:\/\/bellerofonholiday.com\/de\/wp-json\/wp\/v2\/pages\/26\/revisions"}],"predecessor-version":[{"id":585,"href":"https:\/\/bellerofonholiday.com\/de\/wp-json\/wp\/v2\/pages\/26\/revisions\/585"}],"wp:attachment":[{"href":"https:\/\/bellerofonholiday.com\/de\/wp-json\/wp\/v2\/media?parent=26"}],"curies":[{"name":"wp","href":"https:\/\/api.w.org\/{rel}","templated":true}]}}