{"id":22,"date":"2016-09-14T13:26:45","date_gmt":"2016-09-14T10:26:45","guid":{"rendered":"http:\/\/themes.muffingroup.com\/be\/logistics\/?page_id=22"},"modified":"2017-05-22T00:27:09","modified_gmt":"2017-05-21T21:27:09","slug":"aktiviteler","status":"publish","type":"page","link":"https:\/\/bellerofonholiday.com\/de\/aktiviteler\/","title":{"rendered":"Aktivit\u00e4ten"},"content":{"rendered":"<div class=\"wpb-content-wrapper\"><p>[vc_row][vc_column width=&#8220;1\/3&#8243;][vc_empty_space][vc_single_image image=&#8220;298&#8243; img_size=&#8220;300&#215;300&#8243;][vc_single_image image=&#8220;299&#8243; img_size=&#8220;300&#215;300&#8243;][vc_single_image image=&#8220;300&#8243; img_size=&#8220;300&#215;300&#8243;][\/vc_column][vc_column width=&#8220;2\/3&#8243;][vc_empty_space][vc_column_text]<\/p>\n<h1 style=\"text-align: center;\" align=\"JUSTIFY\"><span style=\"font-family: Arial, Helvetica, Geneva, sans-serif, sans-serif;\"><b>Touren\/Ausfl\u00fcge<\/b><\/span><b><\/b><\/h1>\n<p align=\"JUSTIFY\"><span style=\"font-family: Arial, Helvetica, Geneva, sans-serif, sans-serif;\">F\u00fcr G\u00e4ste die gerne die Gegend erkunden m\u00f6chten, \u00c7\u0131ral\u0131 hat mehr zu bieten als Sonne und Strand.<\/span><\/p>\n<p align=\"JUSTIFY\"><span style=\"font-family: Arial, Helvetica, Geneva, sans-serif, sans-serif;\">Um das Hotel gibt es\u00a0viele M\u00f6glichkeiten zum Spaziergehen und um die Natur zu erkunden. Es gibt hier markierte Wanderwege. Doch \u00c7\u0131ral\u0131 liegt auch am lykischen Weg, der knapp 550 km lang und zu einem der sch\u00f6nsten Weitwanderwege der Welt geh\u00f6rt.<\/span><\/p>\n<p align=\"JUSTIFY\"><span style=\"font-family: Arial, Helvetica, Geneva, sans-serif, sans-serif;\">Ein Weg f\u00fchrt Sie nach Ulupinar, einem kleinen Naturwunder. Hier sind viele Forellenrestaurants. Geniessen Sie hier Ihre Mahlzeit, umgeben von Wasserf\u00e4llen und dichtem Baumbestand.<\/span><\/p>\n<p align=\"JUSTIFY\"><span style=\"font-family: Arial, Helvetica, Geneva, sans-serif, sans-serif;\">Yanartas, oder auch die brennenden Steine genannt liegt nur eine halbe Stunde Fussweg vom Bellerofonhotel entfernt. Der Ort ist bequem zu erreichen. Am Eingang ist ein kleiner Laden, hier k\u00f6nnen Sie sich Erfrischungen mitnehmen.<\/span><\/p>\n<p align=\"JUSTIFY\"><span style=\"font-family: Arial, Helvetica, Geneva, sans-serif, sans-serif;\">Die Legende sagt das hier der mutige Bellerofon das dreik\u00f6pfige Ungeheuer Chimera get\u00f6tet hat. Sein fliegendes\u00a0Pferd Pegasus hat ihm dabei geholfen. Das Feuer brennt sein mehrere tausend Jahren und ist bisher nicht erloschen.<\/span><\/p>\n<p align=\"JUSTIFY\"><span style=\"font-family: Arial, Helvetica, Geneva, sans-serif, sans-serif;\">Auf der anderen Seite der Bucht ist die mehrere tausend Jahre alte Stadt Olympos. Olympos war einer der wichtigstes Orte zur Zeit des lykischen Bundes. Hier findet sich auch das Grab von Eudemus.<\/span><\/p>\n<table id=\"Tabelle58\" border=\"0\" width=\"100%\" cellspacing=\"0\" cellpadding=\"0\">\n<tbody>\n<tr>\n<td width=\"100%\" height=\"32\">\n<p align=\"JUSTIFY\"><span style=\"font-family: Arial, Helvetica, Geneva, sans-serif, sans-serif;\">Die Stadt ist geteilt durch 2 Fl\u00fcsse. Links und rechts neben den beiden Fl\u00fcssen finden sich auch heute noch die Ruinen aus vergangener Zeit. Olympos k\u00f6nnen Sie von uns aus am Strand entlang erreichen zu Fuss erreichen. Bei der Gelegenheit sehen Sie auch Delikta\u015f was soviel wie durchbohrter Felsen heisst.<\/span><\/p>\n<p align=\"JUSTIFY\"><span style=\"font-family: Arial, Helvetica, Geneva, sans-serif, sans-serif;\">Bootstouren: Jeden Tag werden von \u00c7\u0131ral\u0131 aus Touren mit dem Boot zu verschiedenen Zielen angeboten. Hier wartet auf Sie die Sch\u00f6nheit des Mittelmeeres, einsame Buchten und ehemalige Piratenh\u00f6hlen. Tour 1 bringt Sie zur antiken Stadt Phaselis und den drei Inseln die auch \u00dc\u00e7 Adalar genannt werden. Tour 2 nach Porto Ceneviz und Sazak, unber\u00fchrte, einsame Str\u00e4nde f\u00fcr Badespass. Tour 3 nach Sulu Ada\u00a0 eine unbewohnte Insel mit S\u00fcsswasserquellen<\/span><\/p>\n<p align=\"JUSTIFY\"><span style=\"font-family: Arial, Helvetica, Geneva, sans-serif, sans-serif;\">Kumluca jeden Freitag ist traditioneller Markt in Kumluca. Hier finden Sie alles an Gem\u00fcse und Obstsorten was in dieser Region angebaut wird, auch Produkte aus dem Mittelmeer, wie Fisch oder Schalentiere. Auf der gegen\u00fcberliegende Seite ist ein Textilmarkt, der neben Textilien auch Haushaltswaren anbietet.<\/span><\/p>\n<p align=\"JUSTIFY\"><span style=\"font-family: Arial, Helvetica, Geneva, sans-serif, sans-serif;\">Am Montag ist Markt in Kemer und hier haben Sie neben dem Marktbesuch die M\u00f6glichkeit zum Einkaufen. In Kemer sind viele Gesch\u00e4fte und Superm\u00e4rkte. Ein Besuch des malerischen Hafens lohnt sich ebenfalls.<\/span><\/p>\n<p align=\"JUSTIFY\"><span style=\"font-family: Arial, Helvetica, Geneva, sans-serif, sans-serif;\">Eine Jeepsafari in das Taurusgebirge auf 1700 m gibt Eindr\u00fccke in das Leben der Hirten. Eine gute Gelegenheit um Land und Leute kennenzulernen. Die Sch\u00f6nheit der<br \/>\nLandschaft wird zu einer unvergesslichen Erinnerung.<\/span><\/p>\n<p align=\"JUSTIFY\"><span style=\"font-family: Arial, Helvetica, Geneva, sans-serif, sans-serif;\">Kekova-Demre-St. Nikolaus Kirche. Diese Tour bringt Sie entlang der traumhaften K\u00fcstenstrasse zur versunkenen Stadt Kekova mit einer Bootsfahrt auf die Insel Simena. Anschliessend besuchen Sie Demre und die St. Nikolauskirche.<\/span><\/p>\n<\/td>\n<\/tr>\n<\/tbody>\n<\/table>\n<p>[\/vc_column_text][\/vc_column][\/vc_row]<\/p>\n<\/div>","protected":false},"excerpt":{"rendered":"<p>[vc_row][vc_column width=&#8220;1\/3&#8243;][vc_empty_space][vc_single_image image=&#8220;298&#8243; img_size=&#8220;300&#215;300&#8243;][vc_single_image image=&#8220;299&#8243; img_size=&#8220;300&#215;300&#8243;][vc_single_image image=&#8220;300&#8243; img_size=&#8220;300&#215;300&#8243;][\/vc_column][vc_column width=&#8220;2\/3&#8243;][vc_empty_space][vc_column_text] Touren\/Ausfl\u00fcge F\u00fcr G\u00e4ste die gerne die Gegend erkunden m\u00f6chten, \u00c7\u0131ral\u0131 hat mehr zu bieten als Sonne und<span class=\"excerpt-hellip\"> [\u2026]<\/span><\/p>\n","protected":false},"author":1,"featured_media":0,"parent":0,"menu_order":0,"comment_status":"closed","ping_status":"closed","template":"","meta":{"footnotes":""},"class_list":["post-22","page","type-page","status-publish","hentry"],"_links":{"self":[{"href":"https:\/\/bellerofonholiday.com\/de\/wp-json\/wp\/v2\/pages\/22","targetHints":{"allow":["GET"]}}],"collection":[{"href":"https:\/\/bellerofonholiday.com\/de\/wp-json\/wp\/v2\/pages"}],"about":[{"href":"https:\/\/bellerofonholiday.com\/de\/wp-json\/wp\/v2\/types\/page"}],"author":[{"embeddable":true,"href":"https:\/\/bellerofonholiday.com\/de\/wp-json\/wp\/v2\/users\/1"}],"replies":[{"embeddable":true,"href":"https:\/\/bellerofonholiday.com\/de\/wp-json\/wp\/v2\/comments?post=22"}],"version-history":[{"count":22,"href":"https:\/\/bellerofonholiday.com\/de\/wp-json\/wp\/v2\/pages\/22\/revisions"}],"predecessor-version":[{"id":325,"href":"https:\/\/bellerofonholiday.com\/de\/wp-json\/wp\/v2\/pages\/22\/revisions\/325"}],"wp:attachment":[{"href":"https:\/\/bellerofonholiday.com\/de\/wp-json\/wp\/v2\/media?parent=22"}],"curies":[{"name":"wp","href":"https:\/\/api.w.org\/{rel}","templated":true}]}}