{"id":20,"date":"2016-09-14T13:26:15","date_gmt":"2016-09-14T10:26:15","guid":{"rendered":"http:\/\/themes.muffingroup.com\/be\/logistics\/?page_id=20"},"modified":"2021-02-27T18:35:12","modified_gmt":"2021-02-27T15:35:12","slug":"hakkimizda","status":"publish","type":"page","link":"https:\/\/bellerofonholiday.com\/de\/hakkimizda\/","title":{"rendered":"\u00dcber uns"},"content":{"rendered":"<p><\/p>\n<p align=\"JUSTIFY\"><span style=\"font-family: Arial, Helvetica, Geneva, sans-serif, sans-serif;\"><b>Die Legende von Bellerophon<\/b> <\/span><\/p>\n<p align=\"JUSTIFY\"><span style=\"font-family: Arial, Helvetica, Geneva, sans-serif, sans-serif;\">Im alten Korinth lebte K\u00f6nig Glaukos, der Sohn des Sisyphos, und sein sch\u00f6ner undmutiger Sohn Bellerophon, der zu einem der gr\u00f6\u00dften Helden der griechischen Mythologie werden sollte.<\/span><\/p>\n<p align=\"JUSTIFY\"><span style=\"font-family: Arial, Helvetica, Geneva, sans-serif, sans-serif;\">Wie bei vielen griechischen Helden, gibt es einige Zweifel \u00fcber die Herkunft des Namens Bellerophon. Einige Quellen behaupten, dass er aus Versehen\u00a0 w\u00e4hrend der Jagd seinen Bruder erschlug andere meinen, er entsorgte einen Feind oder gar einen &#8222;Fluch f\u00fcr die Menschheit. Doch durch den Tod des Bruders wurde Bellerophon aus dem Hause seines Vaters verbannt. Er ging nach Tiryns, wie ein Bittsteller zu dem mykenischen K\u00f6nig Proteus.<\/span><\/p>\n<p align=\"JUSTIFY\"><span style=\"font-family: Arial, Helvetica, Geneva, sans-serif, sans-serif;\">Der K\u00f6nig bot ihm Zuflucht an damit er Bu\u00dfe f\u00fcr sein Verbrechen tun konnte. Doch die Frau des K\u00f6nigs Anteia, auch bekannt als Stheneboea verliebte sich in Bellerophon. Doch als sich Bellerophon ihr verweigerte ging Anteia zum K\u00f6nig und erz\u00e4hlte ihm, Bellerophon habe versucht sie zu vergewaltigen. Proteus, an die Gesetze der Gastfreundschaft gebunden brachte es nicht \u00fcber das Herz Bellerophon zu schaden und schickte ihn weg nach Xanthos in Lykien, wo Iobates, Anteias Vater der K\u00f6nig war.<\/span><\/p>\n<p align=\"JUSTIFY\"><span style=\"font-family: Arial, Helvetica, Geneva, sans-serif, sans-serif;\">Um sicher zu gehen das Bellerophon auch dort hinging, gab er ihm einen versiegelten Brief f\u00fcr Iobates mit, in dem er geschrieben hatte das Bellerophon versucht hatte Anteia zu vergewaltigen, &#8222;meine Frau, deine Tochter&#8220;. Doch Iobates der ebenfalls die Gesetze der Gastfreundschaft einhielt, lies ein gro\u00dfes Fest ausrichten, das neun Tage und neun N\u00e4chte dauerte. Am zehnten Tag rief Iobates Bellerophon zu sich. Bellerophon \u00fcbergab ihm den Brief. Als Iobates das las, wusste er das er Bellerophon\u00a0 &#8222;den\u00a0 Sch\u00e4nder seiner Tochter&#8220;\u00a0 nicht so ohne weiteres gehen lassen konnte. Er beschloss Bellerophon auf eine Mission zu entsenden, er sollte das schreckliche Ungeheuer die Chimera, ein Monster mit 3 K\u00f6pfen, vorne ein L\u00f6we, in der Mitte eine Ziege und hinten eine Schlange, das mit seinem schrecklichen Atem alles vernichtete, t\u00f6ten.<\/span><\/p>\n<p><\/p>","protected":false},"excerpt":{"rendered":"<p>Die Legende von Bellerophon Im alten Korinth lebte K\u00f6nig Glaukos, der Sohn des Sisyphos, und sein sch\u00f6ner undmutiger Sohn Bellerophon, der zu einem der gr\u00f6\u00dften Helden<span class=\"excerpt-hellip\"> [\u2026]<\/span><\/p>\n","protected":false},"author":1,"featured_media":0,"parent":0,"menu_order":0,"comment_status":"closed","ping_status":"closed","template":"","meta":{"footnotes":""},"class_list":["post-20","page","type-page","status-publish","hentry"],"_links":{"self":[{"href":"https:\/\/bellerofonholiday.com\/de\/wp-json\/wp\/v2\/pages\/20","targetHints":{"allow":["GET"]}}],"collection":[{"href":"https:\/\/bellerofonholiday.com\/de\/wp-json\/wp\/v2\/pages"}],"about":[{"href":"https:\/\/bellerofonholiday.com\/de\/wp-json\/wp\/v2\/types\/page"}],"author":[{"embeddable":true,"href":"https:\/\/bellerofonholiday.com\/de\/wp-json\/wp\/v2\/users\/1"}],"replies":[{"embeddable":true,"href":"https:\/\/bellerofonholiday.com\/de\/wp-json\/wp\/v2\/comments?post=20"}],"version-history":[{"count":9,"href":"https:\/\/bellerofonholiday.com\/de\/wp-json\/wp\/v2\/pages\/20\/revisions"}],"predecessor-version":[{"id":484,"href":"https:\/\/bellerofonholiday.com\/de\/wp-json\/wp\/v2\/pages\/20\/revisions\/484"}],"wp:attachment":[{"href":"https:\/\/bellerofonholiday.com\/de\/wp-json\/wp\/v2\/media?parent=20"}],"curies":[{"name":"wp","href":"https:\/\/api.w.org\/{rel}","templated":true}]}}